{"id":175,"date":"2020-05-13T08:21:09","date_gmt":"2020-05-13T08:21:09","guid":{"rendered":"https:\/\/www.actiphy.com\/de-de\/frontpage\/"},"modified":"2026-03-02T08:16:30","modified_gmt":"2026-03-02T07:16:30","slug":"home","status":"publish","type":"page","link":"https:\/\/www.actiphy.com\/de-de\/","title":{"rendered":"Actiphy"},"content":{"rendered":"\n\n<div class=\"lazyblock-frontpage-news-tabs-SFE8q wp-block-lazyblock-frontpage-news-tabs\"><section class=\"section index_news\" id=\"news\">\r\n    \t<div class=\"inner js-fadein\">\r\n    \t\t<div class=\"index_sec_heading\">\r\n    \t\t\t<h2 class=\"sec_title\"><img decoding=\"async\" src=\"https:\/\/www.actiphy.com\/wp-content\/uploads\/sites\/2\/2020\/05\/title_top_news.png?ver=1590036888\" alt=\"News\"><\/h2>\r\n    \t\t\t<a href=\"javascript:void(0);\" class=\"news_link\"><\/a>\r\n    \t\t<\/div>\t    \r\n    \t\t<div class=\"tab\">\r\n    \t\t\t<div class=\"tab_head\">\r\n    \t\t\t\t<ul class=\"tab_head_list\">\r\n                        <li class=\"tab_head_list_item  is-active tab-1\"><a href=\"javascript:void(0);\">All news<\/a><\/li><li class=\"tab_head_list_item  tab-2\"><a href=\"javascript:void(0);\">Information<\/a><\/li><li class=\"tab_head_list_item  tab-3\"><a href=\"javascript:void(0);\">Press<\/a><\/li>    \t\t\t\t<\/ul>\r\n    \t\t\t<\/div>\r\n    \t\t\t<div class=\"tab_content tab-1 is-show\"><ul class=\"news_list\"><li class=\"news_list_item\"><div class=\"news_list_label\"><span class=\"news_category\">News<\/span> <time class=\"news_date\" datetime=\"2026-04-01 10:15:27\">01\/04\/2026<\/time> <\/div><div class=\"news_list_content\"><a href=\"https:\/\/www.actiphy.com\/de-de\/2026\/04\/01\/das-neueste-webinar-video\/\"><h3 class=\"news_title\">Sie k\u00f6nnen das neueste Webinar-Video erneut abspielen.<\/h3><p class=\"news_txt is-ellipsis\">\nDas neueste Webinar video, &quot;Enterprise Backup &amp; Recovery f\u00fcr Proxmox mit ActiveImage Protector&quot; wurde auf YouTube hochgeladen.\u3000Um das Webinar erneut anzusehen, besuchen Sie bitte hier.\n\n\n\n\n<\/p><\/a><\/div><\/li><li class=\"news_list_item\"><div class=\"news_list_label\"><span class=\"news_category\">Presse<\/span> <time class=\"news_date\" datetime=\"2026-03-31 07:31:17\">31\/03\/2026<\/time> <\/div><div class=\"news_list_content\"><a href=\"https:\/\/www.actiphy.com\/de-de\/2026\/03\/31\/world-backup-day-2026\/\"><h3 class=\"news_title\">Actiphy: \u201eKein Backup, keine Sicherheit. Kein Backup, keine Zukunft.\u201c zum World Backup Day 2026<\/h3><p class=\"news_txt is-ellipsis\">\nRansomware, Infrastruktur-Ausf\u00e4lle und menschliche Fehler \u00fcberholen weiterhin Pr\u00e4ventionsma\u00dfnahmen \u2013 Wiederherstellung ist zur einzigen verl\u00e4sslichen Verteidigung geworden.\n\n\n\nJena, Deutschland \u2014 Zum World Backup Day 2026 ruft Actiphy, ein f\u00fchrender Anbieter von Backup-, Disaster-Recovery- und Virt<\/p><\/a><\/div><\/li><\/ul><\/div><div class=\"tab_content tab-2 \"><ul class=\"news_list\"><li class=\"news_list_item\"><div class=\"news_list_label\"><span class=\"news_category\">Presse<\/span> <time class=\"news_date\" datetime=\"2026-03-31 07:31:17\">31\/03\/2026<\/time> <\/div><div class=\"news_list_content\"><a href=\"https:\/\/www.actiphy.com\/de-de\/2026\/03\/31\/world-backup-day-2026\/\"><h3 class=\"news_title\">Actiphy: \u201eKein Backup, keine Sicherheit. Kein Backup, keine Zukunft.\u201c zum World Backup Day 2026<\/h3><p class=\"news_txt is-ellipsis\">\nRansomware, Infrastruktur-Ausf\u00e4lle und menschliche Fehler \u00fcberholen weiterhin Pr\u00e4ventionsma\u00dfnahmen \u2013 Wiederherstellung ist zur einzigen verl\u00e4sslichen Verteidigung geworden.\n\n\n\nJena, Deutschland \u2014 Zum World Backup Day 2026 ruft Actiphy, ein f\u00fchrender Anbieter von Backup-, Disaster-Recovery- und Virt<\/p><\/a><\/div><\/li><li class=\"news_list_item\"><div class=\"news_list_label\"><span class=\"news_category\">Presse<\/span> <time class=\"news_date\" datetime=\"2026-01-13 07:00:44\">13\/01\/2026<\/time> <\/div><div class=\"news_list_content\"><a href=\"https:\/\/www.actiphy.com\/de-de\/2026\/01\/13\/actiphy-inc-kuendigt-neue-version-von-activeimage-protector-mit-proxmox-unterstuetzung-an\/\"><h3 class=\"news_title\">Actiphy Inc. k\u00fcndigt neue Version von ActiveImage Protector mit Proxmox-Unterst\u00fctzung an<\/h3><p class=\"news_txt is-ellipsis\">\nJanuar 13, 2026\n\n\n\nJena, Deutschland \u2013 Actiphy Inc., ein globaler Anbieter von Backup-, Disaster-Recovery- und Virtualisierungssoftware, gibt heute die Ver\u00f6ffentlichung einer neuen Version von ActiveImage Protector bekannt, die nun die Open-Source-Virtualisierungsplattform Proxmox unterst\u00fctzt.\n\n\n\nI<\/p><\/a><\/div><\/li><li class=\"news_list_item\"><div class=\"news_list_label\"><span class=\"news_category\">Presse<\/span> <time class=\"news_date\" datetime=\"2025-10-27 09:11:00\">27\/10\/2025<\/time> <\/div><div class=\"news_list_content\"><a href=\"https:\/\/www.actiphy.com\/de-de\/2025\/10\/27\/actiphy-inc-praesentiert-neue-version-von-activeimage-protector-2022-mit-unterstuetzung-fuer-linux-kvm-virtualisierungstechnologie\/\"><h3 class=\"news_title\">Actiphy\u2122 Inc. pr\u00e4sentiert neue Version von ActiveImage Protector\u2122 2022 mit Unterst\u00fctzung f\u00fcr Linux-KVM-Virtualisierungstechnologie.<\/h3><p class=\"news_txt is-ellipsis\">\n\n\n\n\nJena, Deutschland \u2013 23. Oktober 2025 \u2013 Actiphy Inc., ein f\u00fchrender Anbieter von Backup-, Disaster-Recovery- und Virtualisierungssoftware, k\u00fcndigt die Ver\u00f6ffentlichung einer neuen Version von ActiveImage Protector 2022 an, die jetzt die Unterst\u00fctzung der Linux KVM-Virtualisierungstechnologie bie<\/p><\/a><\/div><\/li><li class=\"news_list_item\"><div class=\"news_list_label\"><span class=\"news_category\">Software<\/span> <time class=\"news_date\" datetime=\"2025-10-01 11:00:00\">01\/10\/2025<\/time> <\/div><div class=\"news_list_content\"><a href=\"https:\/\/www.actiphy.com\/de-de\/2025\/10\/01\/actiphy-inc-prasentiert-actiphy-imagecenter-mit-storageserver\/\"><h3 class=\"news_title\">Actiphy Inc. pr\u00e4sentiert \u201eActiphy ImageCenter mit StorageServer\u201c<\/h3><p class=\"news_txt is-ellipsis\">\nEine sichere, zentrale L\u00f6sung f\u00fcr Backup-Management und -Speicherung\n\n\n\n\n\n\n\n\n\n\n\nJena, Deutschland \u2013 1. Oktober 2025 \u2013 Actiphy\u2122 Inc., ein f\u00fchrender Anbieter von Backup-, Disaster-Recovery- und Virtualisierungssoftware, gibt die Markteinf\u00fchrung von Actiphy ImageCenter mit StorageServer bekannt. Diese<\/p><\/a><\/div><\/li><li class=\"news_list_item\"><div class=\"news_list_label\"><span class=\"news_category\">Software<\/span> <time class=\"news_date\" datetime=\"2025-01-29 11:00:00\">29\/01\/2025<\/time> <\/div><div class=\"news_list_content\"><a href=\"https:\/\/www.actiphy.com\/de-de\/2025\/01\/29\/actiphy-inc-stellt-neue-version-von-activeimage-protector-2022-mit-verbesserter-leistung-sicherheit-und-unterstutzung-fur-neueste-betriebssysteme-und-cpus-vor\/\"><h3 class=\"news_title\">Actiphy Inc. stellt neue Version von ActiveImage Protector 2022 mit verbesserter Leistung, Sicherheit und Unterst\u00fctzung f\u00fcr neueste Betriebssysteme und CPUs vor<\/h3><p class=\"news_txt is-ellipsis\">\nJena, Germany, 29. Januar 2025 &#8211; Actiphy\u2122 Inc. ein f\u00fchrender Anbieter von Backup-, Disaster-Recovery- und Virtualisierungssoftware, k\u00fcndigt stolz die aktualisierte Version von ActiveImage Protector\u2122 2022 an. Diese neueste Version bietet eine h\u00f6here Leistung, verbesserte Sicherheit und Kompatibilit\u00e4<\/p><\/a><\/div><\/li><li class=\"news_list_item\"><div class=\"news_list_label\"><span class=\"news_category\">Software<\/span> <time class=\"news_date\" datetime=\"2023-09-07 11:00:00\">07\/09\/2023<\/time> <\/div><div class=\"news_list_content\"><a href=\"https:\/\/www.actiphy.com\/de-de\/2023\/09\/07\/actiphy-inc-stellt-die-neueste-version-der-system-und-datenschutzlosung-von-activeimage-protector-vor-einer-bewahrten-gegenmasnahme-die-backup-dateien-vor-ransomware-schutzt\/\"><h3 class=\"news_title\">Actiphy Inc. stellt die neueste Version der System- und Datenschutzl\u00f6sung von ActiveImage Protector vor, einer bew\u00e4hrten Gegenma\u00dfnahme, die Backup-Dateien vor Ransomware sch\u00fctzt<\/h3><p class=\"news_txt is-ellipsis\">\nJena, Germany, 07. September 2023 \u2013 Actiphy Inc., ein f\u00fchrender Anbieter von Backup-, Disaster-Recovery- und Virtualisierungssoftware, gibt stolz die Ver\u00f6ffentlichung seiner aktualisierten Version von \u201eActiveImage Protector 2022\u201c bekannt. Diese neueste Version f\u00fchrt innovative Funktionen ein, die d<\/p><\/a><\/div><\/li><\/ul><\/div><div class=\"tab_content tab-3 \"><ul class=\"news_list\"><li class=\"news_list_item\"><div class=\"news_list_label\"><span class=\"news_category\">Andere<\/span> <time class=\"news_date\" datetime=\"2021-03-31 11:00:11\">31\/03\/2021<\/time> <\/div><div class=\"news_list_content\"><a href=\"https:\/\/www.actiphy.com\/de-de\/2021\/03\/31\/heute-ist-world-backup-day\/\"><h3 class=\"news_title\">Heute ist WORLD BACKUP DAY<\/h3><p class=\"news_txt is-ellipsis\">\nEs ist nicht nur wichtig, die Backup-Erstellung und die Konsistenz der Kette zu \u00fcberpr\u00fcfen, sondern auch die Bootf\u00e4higkeit der Backup-Dateien! AUTOMATISCHE BACKUP-TESTS sind nur einer der vielen Vorteile unserer Backup &amp;amp; DR-L\u00f6sungen.\n\n\n\nWarum sollten Sie wechseln?\n<\/p><\/a><\/div><\/li><li class=\"news_list_item\"><div class=\"news_list_label\"><span class=\"news_category\">Andere<\/span> <time class=\"news_date\" datetime=\"2020-11-26 10:05:11\">26\/11\/2020<\/time> <\/div><div class=\"news_list_content\"><a href=\"https:\/\/www.actiphy.com\/de-de\/2020\/11\/26\/backup-9-probleme-die-sie-wissen-muessen\/\"><h3 class=\"news_title\">Backup: 9 Probleme, die Sie wissen m\u00fcssen<\/h3><p class=\"news_txt is-ellipsis\">\nSehen Sie sich unser neues Kurz-Video an: 9 Probleme, die Sie vor der Wahl der richtigen Backupl\u00f6sung wissen m\u00fcssen &#8211; Video anschauen\n<\/p><\/a><\/div><\/li><\/ul><\/div>    \t\t<\/div>\r\n        <\/div>\r\n    <\/section><\/div>\n\n\n\n\n\n\n\n\n\n\n\n\n\n<div class=\"lazyblock-frontpage-section-ZpLIVP wp-block-lazyblock-frontpage-section\"><section class=\"section index_solution\" id=\"solution\">\r\n    \t<div class=\"container_wide js-fadein\">\r\n    \t    \n\n<div class=\"index_sec_heading txt_center\">\n\t<h2 class=\"sec_title\" style=\"font-size: 5em; font-weight: bold;\">L\u00f6sung<\/h2>\n<\/div>\n\n\n\n<p class=\"sec_lead\">Decken Sie all Ihre Anforderungen an die Gesch\u00e4ftskontinuit\u00e4t mit einer einzigen L\u00f6sung ab.<\/p>\n\n\n\n<ul class=\"solution_icons\">\n<li class=\"solution_icons_item\">\n\n<figure><a href=\"https:\/\/www.actiphy.com\/de-de\/loesung\/#loesung01\"><img decoding=\"async\" src=\"https:\/\/www.actiphy.com\/wp-content\/themes\/template_200403\/themes\/images\/top\/icon_top_solution_01.png?ver=1587371098\" alt=\"System Ransomware Protection\"><\/a><\/figure>\n<h3 class=\"solution_icons_title\">Systemschutz<\/h3>\n<\/li>\n\n<li class=\"solution_icons_item\">\n\n<figure><a href=\"https:\/\/www.actiphy.com\/de-de\/loesung\/#loesung02\"><img decoding=\"async\" src=\"https:\/\/www.actiphy.com\/wp-content\/themes\/template_200403\/themes\/images\/top\/icon_top_solution_02.png?ver=1587371098\" alt=\"Disaster measures\"><\/a><\/figure>\n\t\t\t\t<h3 class=\"solution_icons_title\">Katastrophenschutzma\u00dfnahmen<\/h3>\n\t\t\t<\/li>\n\t\t\t<li class=\"solution_icons_item\">\n\n<figure><a href=\"https:\/\/www.actiphy.com\/de-de\/loesung\/#loesung03\"><img decoding=\"async\" src=\"https:\/\/www.actiphy.com\/wp-content\/themes\/template_200403\/themes\/images\/top\/icon_top_solution_03.png?ver=1587371102\" alt=\"Reduce Downtime\"><\/a><\/figure>\n\t\t\t\t<h3 class=\"solution_icons_title\">Ausfallzeiten reduzieren<\/h3>\n\t\t\t<\/li>\n\t\t\t<li class=\"solution_icons_item\">\n\n<figure><a href=\"https:\/\/www.actiphy.com\/de-de\/loesung\/#loesung04\"><img decoding=\"async\" src=\"https:\/\/www.actiphy.com\/wp-content\/themes\/template_200403\/themes\/images\/top\/icon_top_solution_04.png?ver=1587371101\" alt=\"Virtualization\"><\/a><\/figure>\n\t\t\t\t<h3 class=\"solution_icons_title\">Virtualisierung<\/h3>\n\t\t\t<\/li>\n\t\t\t<li class=\"solution_icons_item\">\n\n<figure><a href=\"https:\/\/www.actiphy.com\/de-de\/loesung\/#loesung05\"><img decoding=\"async\" src=\"https:\/\/www.actiphy.com\/wp-content\/themes\/template_200403\/themes\/images\/top\/icon_top_solution_05.png?ver=1587371104\" alt=\"Boot Check\"><\/a><\/figure>\n\t\t\t\t<h3 class=\"solution_icons_title\">Bootbarkeitspr\u00fcfung<\/h3>\n\t\t\t<\/li>\n\t\t\t<li class=\"solution_icons_item\">\n\n<figure><a href=\"https:\/\/www.actiphy.com\/de-de\/loesung\/#loesung06\"><img decoding=\"async\" src=\"https:\/\/www.actiphy.com\/wp-content\/themes\/template_200403\/themes\/images\/top\/icon_top_solution_06.png?ver=1587371091\" alt=\"Client Management\"><\/a><\/figure>\n\t\t\t\t<h3 class=\"solution_icons_title\">Client Management<\/h3>\n\t\t\t<\/li>\n\t\t\t<li class=\"solution_icons_item\">\n\n<figure><a href=\"https:\/\/www.actiphy.com\/de-de\/loesung\/#loesung07\"><img decoding=\"async\" src=\"https:\/\/www.actiphy.com\/wp-content\/themes\/template_200403\/themes\/images\/top\/icon_top_solution_07.png?ver=1587371091\" alt=\"cloning\"><\/a><\/figure>\n\t\t\t\t<h3 class=\"solution_icons_title\">Systemklonung<\/h3>\n\t\t\t<\/li>\n\t\t<\/ul>\n\n\n<div class=\"btn_wrap btn_center\"><a href=\"https:\/\/www.actiphy.com\/de-de\/loesung\/\" class=\"btn btn_orange btn_variable\"  >L\u00f6sung<\/a>\r\n<\/div>\n        <\/div>\r\n    <\/section><\/div>\n\n    <section class=\"index_support col_section\" id=\"support\">\r\n    \t<div class=\"container_wide \">\r\n    \t\t<div class=\"row d-md-block \">\r\n    \t\t\t<div class=\"col-6 col-md-12 js-fadein\">\r\n    \t\t\t\t<div class=\"txt_block\">\r\n    \t\t\t\t\t<div class=\"index_sec_heading\">\r\n    \t\t\t\t\t\t<h2 class=\"sec_title\"><img decoding=\"async\" src=\"https:\/\/www.actiphy.com\/wp-content\/uploads\/sites\/2\/2020\/05\/title_top_support.png?ver=1590036888\" alt=\"Support\"><\/h2>\r\n    \t\t\t\t\t<\/div>\r\n    \t\t\t\t\t\n\n<p>Unsere \u201eSystemschutzl\u00f6sung\u201c endet nicht beim Verkauf von Produkten. Wir entwickeln unsere Produkte mit dem Vertrauen in ihre Leistung, Benutzerfreundlichkeit und Verst\u00e4ndlichkeit. Bei Actiphy arbeiten wir intensiv daran, Systemschutzl\u00f6sungen bereitzustellen, die die Benutzerfreundlichkeit aus der Welt des \u201enur f\u00fcr Profis nutzbar\u201c in eine Welt bringen, die nicht nur einfach zu bedienen ist, sondern auch ein Gef\u00fchl der Sicherheit vermittelt. Zu diesem Zweck f\u00fchren wir tiefgehende Gespr\u00e4che mit unseren Kunden und befassen uns mit Themen, die ihnen wichtig sind \u2013 etwa Fragen zu L\u00f6sungen oder die Unterst\u00fctzung spezieller Umgebungen.<\/p>\n\n\n\n<p>Wir bieten eine Vielzahl an Support-Ressourcen \u2013 darunter technische Beratung vor dem Kauf, abgestimmt auf die jeweilige Kundenumgebung, Tutorials und Anwendungsvideos f\u00fcr einen schnellen Einstieg sowie eine Wissensdatenbank und technische Dokumentationen, die auch hochspezialisierte Informationen abdecken.<\/p>\n\n\n<div class=\"btn_wrap \"><a href=\"https:\/\/www.actiphy.com\/de-de\/support\/\" class=\"btn btn_orange btn_variable\"  >Support<\/a>\r\n<\/div>\n\n\n<p><\/p>\n\n    \t\t\t\t<\/div>\r\n    \t\t\t<\/div>\r\n    \t\t\t<div class=\"col-6 col-md-12 align-self-end js-fadein\">\r\n    \t\t\t\t<picture>\r\n    \t\t\t\t\t<source srcset=\"https:\/\/www.actiphy.com\/wp-content\/uploads\/sites\/2\/2020\/05\/pic_top_support_sp.jpg?ver=1590036901\" media=\"(min-width: 769px)\">\r\n    \t\t\t\t\t<img srcset=\"https:\/\/www.actiphy.com\/wp-content\/uploads\/sites\/2\/2020\/05\/pic_top_support_pc.jpg?ver=1590036900\" alt=\"\">\r\n    \t\t\t\t<\/picture>\r\n    \t\t\t<\/div>\r\n    \t\t<\/div>\r\n    \t<\/div>\r\n    <\/section>\n\n    <section class=\"index_partner bg_gray col_section\" id=\"partner\">\r\n    \t<div class=\"container_wide \">\r\n    \t\t<div class=\"row d-md-block flex-row-reverse\">\r\n    \t\t\t<div class=\"col-6 col-md-12 js-fadein\">\r\n    \t\t\t\t<div class=\"txt_block\">\r\n    \t\t\t\t\t<div class=\"index_sec_heading\">\r\n    \t\t\t\t\t\t<h2 class=\"sec_title\"><img decoding=\"async\" src=\"https:\/\/www.actiphy.com\/wp-content\/uploads\/sites\/2\/2020\/05\/title_top_partner.png?ver=1590036888\" alt=\"Partner\"><\/h2>\r\n    \t\t\t\t\t<\/div>\r\n    \t\t\t\t\t\n\n<p>Bei Actiphy haben wir Programme speziell f\u00fcr Wiederverk\u00e4ufer, Managed Service Provider und IT-Distributoren entwickelt, die unsere Backup- und Recovery-L\u00f6sungen vertreiben. Wir bieten Supportleistungen f\u00fcr Channel-Partner, die unserem Team beitreten.<br>Lassen Sie uns gemeinsam unser Gesch\u00e4ft ausbauen.<\/p>\n\n\n<div class=\"btn_wrap \"><a href=\"https:\/\/www.actiphy.com\/de-de\/partner\/\" class=\"btn btn_orange btn_variable\"  ><i class=\"\"><\/i>Partner<\/a>\r\n<\/div>\n    \t\t\t\t<\/div>\r\n    \t\t\t<\/div>\r\n    \t\t\t<div class=\"col-6 col-md-12 align-self-end js-fadein\">\r\n    \t\t\t\t<picture>\r\n    \t\t\t\t\t<source srcset=\"https:\/\/www.actiphy.com\/wp-content\/uploads\/sites\/2\/2020\/05\/pic_top_partner_sp.jpg?ver=1590036899\" media=\"(min-width: 769px)\">\r\n    \t\t\t\t\t<img srcset=\"https:\/\/www.actiphy.com\/wp-content\/uploads\/sites\/2\/2020\/05\/pic_top_partner_pc.jpg?ver=1590036899\" alt=\"\">\r\n    \t\t\t\t<\/picture>\r\n    \t\t\t<\/div>\r\n    \t\t<\/div>\r\n    \t<\/div>\r\n    <\/section>\n\n    <section class=\"index_aboutus col_section\" id=\"aboutus\">\r\n    \t<div class=\"container_wide \">\r\n    \t\t<div class=\"row d-md-block \">\r\n    \t\t\t<div class=\"col-6 col-md-12 js-fadein\">\r\n    \t\t\t\t<div class=\"txt_block\">\r\n    \t\t\t\t\t<div class=\"index_sec_heading\">\r\n    \t\t\t\t\t\t<h2 class=\"sec_title\"><img decoding=\"async\" src=\"https:\/\/www.actiphy.com\/wp-content\/uploads\/sites\/7\/2020\/09\/Uber-uns-text2.png?ver=1599470731\" alt=\"\u00dcber uns\"><\/h2>\r\n    \t\t\t\t\t<\/div>\r\n    \t\t\t\t\t\n\n<p>Bei Actiphy Co., Ltd. entwickeln wir leistungsstarke, benutzerfreundliche DR-L\u00f6sungen (Disaster Recovery), die wertvolle Computersysteme und Daten sch\u00fctzen. Wir leisten einen Beitrag zur Gesellschaft, indem wir Produkte schaffen, die entscheidend dazu beitragen, das Risiko von Systemausf\u00e4llen und Datenverlusten f\u00fcr Einzelpersonen und Unternehmen zu minimieren.<\/p>\n\n\n\n<p>Unser intern entwickeltes Backup- und Recovery-Produkt \u201eActiveImage Protector\u201c ist eine DR-L\u00f6sung, die Computersysteme mithilfe fortschrittlicher Disk-Imaging-Technologie sch\u00fctzt. Auch wenn sich unser Name ge\u00e4ndert hat, bleiben unser Vertrieb, Marketing und technischer Support sowie unser Engagement f\u00fcr die internationale Expansion in M\u00e4rkten wie Japan, Nordamerika, Europa und dem asiatisch-pazifischen Raum unver\u00e4ndert stark. Unser Grundgedanke der \u201ekontinuierlichen Datensicherung und zuverl\u00e4ssigen Wiederherstellung\u201c bleibt derselbe. Wir werden weiterhin innovative Produkte entwickeln und einen sinnvollen Beitrag zur Gesellschaft leisten.<\/p>\n\n\n\n<p><\/p>\n\n\n<div class=\"btn_wrap \"><a href=\"https:\/\/www.actiphy.com\/de-de\/firma\" class=\"btn btn_orange btn_variable\"  >\u00dcber Actiphy<\/a>\r\n<\/div>\n    \t\t\t\t<\/div>\r\n    \t\t\t<\/div>\r\n    \t\t\t<div class=\"col-6 col-md-12 align-self-end js-fadein\">\r\n    \t\t\t\t<picture>\r\n    \t\t\t\t\t<source srcset=\"https:\/\/www.actiphy.com\/wp-content\/uploads\/sites\/7\/2020\/07\/pic_top_aboutus_sp.jpg?ver=1593761867\" media=\"(min-width: 769px)\">\r\n    \t\t\t\t\t<img srcset=\"https:\/\/www.actiphy.com\/wp-content\/uploads\/sites\/7\/2020\/07\/pic_top_aboutus_sp.jpg?ver=1593761867\" alt=\"\">\r\n    \t\t\t\t<\/picture>\r\n    \t\t\t<\/div>\r\n    \t\t<\/div>\r\n    \t<\/div>\r\n    <\/section>","protected":false},"excerpt":{"rendered":"","protected":false},"author":1,"featured_media":0,"parent":0,"menu_order":0,"comment_status":"closed","ping_status":"closed","template":"template-frontpage.php","meta":{"advgb_blocks_editor_width":"","advgb_blocks_columns_visual_guide":"","nj_multilang_slug":"","nj_multilang_old_url":[],"footnotes":""},"class_list":["post-175","page","type-page","status-publish","hentry"],"yoast_head":"<!-- This site is optimized with the Yoast SEO plugin v27.1.1 - https:\/\/yoast.com\/product\/yoast-seo-wordpress\/ -->\n<title>Actiphy - Actiphy Backup &amp; DR | DACH<\/title>\n<meta name=\"robots\" content=\"index, follow, max-snippet:-1, max-image-preview:large, max-video-preview:-1\" \/>\n<link rel=\"canonical\" href=\"https:\/\/www.actiphy.com\/de-de\/\" \/>\n<meta property=\"og:locale\" content=\"de_DE\" \/>\n<meta property=\"og:type\" content=\"article\" \/>\n<meta property=\"og:title\" content=\"Actiphy - Actiphy Backup &amp; DR | DACH\" \/>\n<meta property=\"og:url\" content=\"https:\/\/www.actiphy.com\/de-de\/\" \/>\n<meta property=\"og:site_name\" content=\"Actiphy Backup &amp; DR | DACH\" \/>\n<meta property=\"article:modified_time\" content=\"2026-03-02T07:16:30+00:00\" \/>\n<meta property=\"og:image\" content=\"https:\/\/www.actiphy.com\/de-de\/wp-content\/uploads\/sites\/7\/2026\/03\/ogp_image_h.jpg\" \/>\n\t<meta property=\"og:image:width\" content=\"1200\" \/>\n\t<meta property=\"og:image:height\" content=\"630\" \/>\n\t<meta property=\"og:image:type\" content=\"image\/jpeg\" \/>\n<meta name=\"twitter:card\" content=\"summary_large_image\" \/>\n<meta name=\"twitter:label1\" content=\"Gesch\u00e4tzte Lesezeit\" \/>\n\t<meta name=\"twitter:data1\" content=\"5\u00a0Minuten\" \/>\n<script type=\"application\/ld+json\" class=\"yoast-schema-graph\">{\"@context\":\"https:\/\/schema.org\",\"@graph\":[{\"@type\":\"WebPage\",\"@id\":\"https:\/\/www.actiphy.com\/de-de\/\",\"url\":\"https:\/\/www.actiphy.com\/de-de\/\",\"name\":\"Actiphy - Actiphy Backup &amp; DR | DACH\",\"isPartOf\":{\"@id\":\"https:\/\/www.actiphy.com\/de-de\/#website\"},\"datePublished\":\"2020-05-13T08:21:09+00:00\",\"dateModified\":\"2026-03-02T07:16:30+00:00\",\"breadcrumb\":{\"@id\":\"https:\/\/www.actiphy.com\/de-de\/#breadcrumb\"},\"inLanguage\":\"de\",\"potentialAction\":[{\"@type\":\"ReadAction\",\"target\":[\"https:\/\/www.actiphy.com\/de-de\/\"]}]},{\"@type\":\"BreadcrumbList\",\"@id\":\"https:\/\/www.actiphy.com\/de-de\/#breadcrumb\",\"itemListElement\":[{\"@type\":\"ListItem\",\"position\":1,\"name\":\"Home\",\"item\":\"https:\/\/www.actiphy.com\/de-de\/\"},{\"@type\":\"ListItem\",\"position\":2,\"name\":\"Actiphy\"}]},{\"@type\":\"WebSite\",\"@id\":\"https:\/\/www.actiphy.com\/de-de\/#website\",\"url\":\"https:\/\/www.actiphy.com\/de-de\/\",\"name\":\"Actiphy Backup &amp; DR | DACH\",\"description\":\"Sind auch Sie DisasterReady und stellen Sie physische und virtuelle Maschinen in 5 Minuten wieder her\",\"potentialAction\":[{\"@type\":\"SearchAction\",\"target\":{\"@type\":\"EntryPoint\",\"urlTemplate\":\"https:\/\/www.actiphy.com\/de-de\/?s={search_term_string}\"},\"query-input\":{\"@type\":\"PropertyValueSpecification\",\"valueRequired\":true,\"valueName\":\"search_term_string\"}}],\"inLanguage\":\"de\"}]}<\/script>\n<!-- \/ Yoast SEO plugin. -->","yoast_head_json":{"title":"Actiphy - Actiphy Backup &amp; DR | DACH","robots":{"index":"index","follow":"follow","max-snippet":"max-snippet:-1","max-image-preview":"max-image-preview:large","max-video-preview":"max-video-preview:-1"},"canonical":"https:\/\/www.actiphy.com\/de-de\/","og_locale":"de_DE","og_type":"article","og_title":"Actiphy - Actiphy Backup &amp; DR | DACH","og_url":"https:\/\/www.actiphy.com\/de-de\/","og_site_name":"Actiphy Backup &amp; DR | DACH","article_modified_time":"2026-03-02T07:16:30+00:00","og_image":[{"width":1200,"height":630,"url":"https:\/\/www.actiphy.com\/de-de\/wp-content\/uploads\/sites\/7\/2026\/03\/ogp_image_h.jpg","type":"image\/jpeg"}],"twitter_card":"summary_large_image","twitter_misc":{"Gesch\u00e4tzte Lesezeit":"5\u00a0Minuten"},"schema":{"@context":"https:\/\/schema.org","@graph":[{"@type":"WebPage","@id":"https:\/\/www.actiphy.com\/de-de\/","url":"https:\/\/www.actiphy.com\/de-de\/","name":"Actiphy - Actiphy Backup &amp; DR | DACH","isPartOf":{"@id":"https:\/\/www.actiphy.com\/de-de\/#website"},"datePublished":"2020-05-13T08:21:09+00:00","dateModified":"2026-03-02T07:16:30+00:00","breadcrumb":{"@id":"https:\/\/www.actiphy.com\/de-de\/#breadcrumb"},"inLanguage":"de","potentialAction":[{"@type":"ReadAction","target":["https:\/\/www.actiphy.com\/de-de\/"]}]},{"@type":"BreadcrumbList","@id":"https:\/\/www.actiphy.com\/de-de\/#breadcrumb","itemListElement":[{"@type":"ListItem","position":1,"name":"Home","item":"https:\/\/www.actiphy.com\/de-de\/"},{"@type":"ListItem","position":2,"name":"Actiphy"}]},{"@type":"WebSite","@id":"https:\/\/www.actiphy.com\/de-de\/#website","url":"https:\/\/www.actiphy.com\/de-de\/","name":"Actiphy Backup &amp; DR | DACH","description":"Sind auch Sie DisasterReady und stellen Sie physische und virtuelle Maschinen in 5 Minuten wieder her","potentialAction":[{"@type":"SearchAction","target":{"@type":"EntryPoint","urlTemplate":"https:\/\/www.actiphy.com\/de-de\/?s={search_term_string}"},"query-input":{"@type":"PropertyValueSpecification","valueRequired":true,"valueName":"search_term_string"}}],"inLanguage":"de"}]}},"coauthors":[],"author_meta":{"author_link":"https:\/\/www.actiphy.com\/de-de\/author\/siteadmin\/","display_name":"siteadmin"},"relative_dates":{"created":"Posted 6\u00a0Jahren ago","modified":"Updated 1\u00a0Monat ago"},"absolute_dates":{"created":"Posted on 13\/05\/2020","modified":"Updated on 02\/03\/2026"},"absolute_dates_time":{"created":"Posted on 13\/05\/2020 08:21","modified":"Updated on 02\/03\/2026 08:16"},"featured_img_caption":"","featured_img":false,"series_order":"","_links":{"self":[{"href":"https:\/\/www.actiphy.com\/de-de\/wp-json\/wp\/v2\/pages\/175","targetHints":{"allow":["GET"]}}],"collection":[{"href":"https:\/\/www.actiphy.com\/de-de\/wp-json\/wp\/v2\/pages"}],"about":[{"href":"https:\/\/www.actiphy.com\/de-de\/wp-json\/wp\/v2\/types\/page"}],"author":[{"embeddable":true,"href":"https:\/\/www.actiphy.com\/de-de\/wp-json\/wp\/v2\/users\/1"}],"replies":[{"embeddable":true,"href":"https:\/\/www.actiphy.com\/de-de\/wp-json\/wp\/v2\/comments?post=175"}],"version-history":[{"count":85,"href":"https:\/\/www.actiphy.com\/de-de\/wp-json\/wp\/v2\/pages\/175\/revisions"}],"predecessor-version":[{"id":2021,"href":"https:\/\/www.actiphy.com\/de-de\/wp-json\/wp\/v2\/pages\/175\/revisions\/2021"}],"wp:attachment":[{"href":"https:\/\/www.actiphy.com\/de-de\/wp-json\/wp\/v2\/media?parent=175"}],"curies":[{"name":"wp","href":"https:\/\/api.w.org\/{rel}","templated":true}]}}