{"id":153,"date":"2020-05-27T06:55:13","date_gmt":"2020-05-27T06:55:13","guid":{"rendered":"https:\/\/www.actiphy.com\/de-de\/products\/hyperboot\/"},"modified":"2025-10-31T08:09:04","modified_gmt":"2025-10-31T07:09:04","slug":"hyperboot","status":"publish","type":"page","link":"https:\/\/www.actiphy.com\/de-de\/produkte\/hyperboot\/","title":{"rendered":"HyperBoot"},"content":{"rendered":"\n\n\n\n<div class=\"autoanchor reducible\" id=\"uerbersicht\" >\n\n\n\n\r\n<div class=\"pd_y_small\">\r\n\n\n<h2 class=\"wp-block-heading theme_heading medium\">Was ist HyperBoot\u2122?<\/h2>\n\n\n\n<p>HyperBoot\u2122 umgeht den langen, ressourcenintensiven und umst\u00e4ndlichen physikalisch-zu-virtuell-Konvertierungsprozess und startet direkt aus der Sicherungsdatei. \u00c4nderungen, die beim Ausf\u00fchren virtueller Maschinen aus Backups vorgenommen werden, werden als Differenzdateien gespeichert, wodurch das Backup auf den aktuellsten Stand gebracht wird. HyperBoot\u2122 macht das Backup zu einem \u201eErsatzrad\u201c, w\u00e4hrend Hardware repariert oder aktualisiert wird, Software\u00e4nderungen getestet oder Upgrades vor der Bereitstellung gepr\u00fcft werden.<\/p>\n\n\n\n<p><\/p>\n\n\r\n<\/div>\r\n\r\n\n\n<div class=\"lazyblock-summary-panels-Z2cHGYq wp-block-lazyblock-summary-panels\"><div class=\"summary_panel panel_odd_gray \">\r\n        <ul class=\"row\">\r\n            <li class=\"col-4 col-md-12 summary_panel_item\">\n<div class=\"summary_panel_inner\">\r\n        <div class=\"summary_panel_icon\" style=\"height: 94px;\">\r\n            <img decoding=\"async\" src=\"https:\/\/www.actiphy.com\/wp-content\/uploads\/sites\/3\/2020\/06\/p2v_91-1.png?ver=1593423620\" alt=\"Starten Sie Sicherungsdateien in nur 2 Minuten als virtuelle Maschine\"  srcset=\"https:\/\/www.actiphy.com\/wp-content\/uploads\/sites\/3\/2020\/06\/p2v_230-1.png?ver=1593423620 2x\">\r\n        <\/div>\r\n        <h3 class=\"summary_panel_title\">Starten Sie Sicherungsdateien in nur 2 Minuten als virtuelle Maschine<\/h3>\r\n        \n\n<p>Seien Sie DisasterReady und starten Sie ein beliebiges Sicherungsabbild (vollst\u00e4ndig oder inkrementell) als virtuelle Maschine innerhalb von Minuten \u2013 als alternative Verf\u00fcgbarkeitsl\u00f6sung zwischen Ausfall und Wiederherstellung. Vermeiden Sie Ausfallzeiten durch langwierige physikalisch-zu-virtuell-Konvertierungen oder Wiederherstellungen.<\/p>\n\n\n\n<p><\/p>\n\n\n\n<p><\/p>\n\n\n\n<p><\/p>\n\n    <\/div>\r\n    <\/li>\r\n<li class=\"col-4 col-md-12 summary_panel_item\">\n\n<div class=\"summary_panel_inner\">\r\n        <div class=\"summary_panel_icon\" style=\"height: 94px;\">\r\n            <img decoding=\"async\" src=\"https:\/\/www.actiphy.com\/wp-content\/uploads\/sites\/3\/2020\/06\/disaster_recovery91.png?ver=1593423594\" alt=\"Als \u201eErsatzrad\u201c zum tempor\u00e4ren Betrieb von Servern\"  srcset=\"https:\/\/www.actiphy.com\/wp-content\/uploads\/sites\/3\/2020\/06\/disaster_recovery230.png?ver=1593423594 2x\">\r\n        <\/div>\r\n        <h3 class=\"summary_panel_title\">Als \u201eErsatzrad\u201c zum tempor\u00e4ren Betrieb von Servern<\/h3>\r\n        \n\n<p>HyperBoot\u2122 kann als \u201eErsatzrad\u201c verwendet werden, um Server bei Ausf\u00e4llen oder w\u00e4hrend Hardware-Reparaturen oder -Upgrades vor\u00fcbergehend zu betreiben.<\/p>\n\n    <\/div>\r\n    <\/li>\r\n<li class=\"col-4 col-md-12 summary_panel_item\">\n\n<div class=\"summary_panel_inner\">\r\n        <div class=\"summary_panel_icon\" style=\"height: 94px;\">\r\n            <img decoding=\"async\" src=\"https:\/\/www.actiphy.com\/wp-content\/uploads\/sites\/3\/2021\/03\/production_91.png?ver=1616487661\" alt=\"Virtueller Datentr\u00e4ger-Emulator zur Emulation eines Sicherungsabbilds\"  srcset=\"https:\/\/www.actiphy.com\/wp-content\/uploads\/sites\/3\/2021\/03\/production_230.png?ver=1616487660 2x\">\r\n        <\/div>\r\n        <h3 class=\"summary_panel_title\">Virtueller Datentr\u00e4ger-Emulator zur Emulation eines Sicherungsabbilds<\/h3>\r\n        \n\n<p>HyperBoot providesVirtueller Datentr\u00e4ger-Emulator zur Emulation eines Sicherungsabbildsas a virtual disk in VHDX or VMDK format. The emulated virtual disk is hardly distinguishable from the original virtual disk on hypervisor, so that hypervisor\u2019s storage migration features including Hyper-V Live Migration, vCenter vMotion, etc., are fully supported. While the virtual machine booted by HyperBoot is running, the emulated virtual disk may be migrated to the &#8222;real&#8220; virtual disk and used as the restored virtual machine.<\/p>\n\n\n\n<p><\/p>\n\n\n\n<p><\/p>\n\n\n\n<p><\/p>\n\n    <\/div>\r\n    <\/li>\r\n<li class=\"col-4 col-md-12 summary_panel_item\">\n\n\n<p><\/p>\n\n\n<div class=\"summary_panel_inner\">\r\n        <div class=\"summary_panel_icon\" style=\"height: 94px;\">\r\n            <img decoding=\"async\" src=\"https:\/\/www.actiphy.com\/wp-content\/uploads\/sites\/3\/2020\/06\/virtulazation91.png?ver=1593423630\" alt=\"Unterst\u00fctzt Hyper-V, VMware und VirtualBox\"  srcset=\"https:\/\/www.actiphy.com\/wp-content\/uploads\/sites\/3\/2020\/06\/virtulazation230.png?ver=1593423630 2x\">\r\n        <\/div>\r\n        <h3 class=\"summary_panel_title\">Unterst\u00fctzt Hyper-V, VMware und VirtualBox<\/h3>\r\n        \n\n<p>Startet Sicherungsdateien aus jeder Hypervisor-Umgebung als virtuelle Maschine mit Oracle VirtualBox, VMware WorkStation, VMware ESXi, VMware Player und Microsoft Hyper-V.<\/p>\n\n    <\/div>\r\n    <\/li>\r\n<li class=\"col-4 col-md-12 summary_panel_item\">\n\n<div class=\"summary_panel_inner\">\r\n        <div class=\"summary_panel_icon\" style=\"height: 94px;\">\r\n            <img decoding=\"async\" src=\"https:\/\/www.actiphy.com\/wp-content\/uploads\/sites\/3\/2020\/06\/hyperboot91.png?ver=1593423601\" alt=\"\u201eWiederherstellung beim Start\u201c\"  srcset=\"https:\/\/www.actiphy.com\/wp-content\/uploads\/sites\/3\/2020\/06\/hyperboot230.png?ver=1593423603 2x\">\r\n        <\/div>\r\n        <h3 class=\"summary_panel_title\">\u201eWiederherstellung beim Start\u201c<\/h3>\r\n        \n\n<p>Verwenden Sie VMware vMotion Live Migration, um eine \u201eWiederherstellung beim Start\u201c einer HyperBoot\u2122-VM auf einen Hypervisor in der Produktionsumgebung durchzuf\u00fchren.<\/p>\n\n\n\n<p><\/p>\n\n    <\/div>\r\n    <\/li>\r\n<li class=\"col-4 col-md-12 summary_panel_item\">\n\n<div class=\"summary_panel_inner\">\r\n        <div class=\"summary_panel_icon\" style=\"height: 94px;\">\r\n            <img decoding=\"async\" src=\"https:\/\/www.actiphy.com\/wp-content\/uploads\/sites\/3\/2020\/06\/icon6-1.png?ver=1593423607\" alt=\"Kostenlos und in ActiveImage Protector\u2122 enthalten\"  srcset=\"https:\/\/www.actiphy.com\/wp-content\/uploads\/sites\/3\/2020\/06\/icon6@2x-1.png?ver=1593423607 2x\">\r\n        <\/div>\r\n        <h3 class=\"summary_panel_title\">Kostenlos und in ActiveImage Protector\u2122 enthalten<\/h3>\r\n        \n\n<p>HyperBoot\u2122 ist v\u00f6llig kostenlos und in der Test- und Vollversion von ActiveImage Protector\u2122 enthalten.<\/p>\n\n\n\n<p><br><\/p>\n\n\n\n<p><\/p>\n\n    <\/div>\r\n    <\/li>\r\n        <\/ul>\r\n    <\/div><\/div>\n\n<div class=\"btn_wrap btn_center\"><a href=\"https:\/\/www.actiphy.com\/de-de\/datasheet\/actiphy_hyperboot\" class=\"btn btn_bg \"   target=\"_blank\"><i class=\"icon-file\"><\/i>Weitere Informationen<\/a>\r\n<\/div>\n\n<div class=\"pd_y_mini\">\r\n\r\n\r\n\r\n<\/div>\r\n\n\n<\/div>\r\n<div class=\"autoanchor reducible\" id=\"systemanforderungen\"  style=\"display: none;\" >\n\n<div data-post-id=\"1322\" class=\"insert-page insert-page-1322 \"><div class=\"pd_y_mini\">\r\n\r\n\n\n<div class=\"wp-block-columns is-layout-flex wp-container-core-columns-is-layout-9d6595d7 wp-block-columns-is-layout-flex\">\n<div class=\"wp-block-column is-layout-flow wp-block-column-is-layout-flow\">\n<h2 class=\"theme_heading small wp-block-heading\">Hardware<\/h2>\n\n\n\n<p class=\"mb-3\">Before using the hypervisor on the local computer, please make sure that the system requirements for the hypervisor are met.<\/p>\n\n\n\n<p class=\"mb-3\"><strong>Main Memory<\/strong> : 1024MB or more<\/p>\n\n\n\n<p class=\"mb-3\"><strong>Hard Disk : <\/strong>400MB or more of available disk space is required.<\/p>\n\n\n\n<ul class=\"list_asterisk mb-3 wp-block-list\"><li>Please make sure that sufficient disk space is available, since the changes made after booting up an image are saved in install folder by default.<\/li><\/ul>\n\n\n\n<p><strong>Internet Connection :<\/strong> Required to check for an update available<\/p>\n\n\n\n<ul class=\"list_asterisk wp-block-list\"><li>If you use a proxy server for internet access, select [HyperBoot Setting] and configure the proxy setting.<\/li><\/ul>\n<\/div>\n\n\n\n<div class=\"wp-block-column is-layout-flow wp-block-column-is-layout-flow\">\n<h2 class=\"theme_heading small wp-block-heading\">Operating System<\/h2>\n\n\n\n<p style=\"margin-bottom: 0px\"><strong>To install the product : <\/strong><\/p>\n\n\n\n<ul class=\"list_dot_small wp-block-list\"><li>Windows 10 \/ 11\uff08x64\uff09<\/li><\/ul>\n\n\n\n<ul class=\"list_asterisk\" style=\"margin-left: 10px\"><li>Supports Windows 10 only when using hypervisor configured on local host. <\/li><\/ul>\n\n\n\n<ul class=\"list_dot_small mb-3 wp-block-list\"><li>Windows Server 2012 R2 or later<\/li><\/ul>\n\n\n\n<p style=\"margin-bottom: 0px\"><strong>To boot up backup image files<\/strong> : OS supported to back up by using ActiveImage Protector<\/p>\n\n\n\n<ul class=\"list_asterisk wp-block-list\"><li>Hyper-V and ESXi are supported to boot Linux system image.<\/li><\/ul>\n\n\n\n<p><\/p>\n<\/div>\n<\/div>\n\n\n\n<hr class=\"wp-block-separator has-alpha-channel-opacity\"\/>\n\n\n\n<div class=\"wp-block-columns is-layout-flex wp-container-core-columns-is-layout-9d6595d7 wp-block-columns-is-layout-flex\">\n<div class=\"wp-block-column is-layout-flow wp-block-column-is-layout-flow\">\n<h2 class=\"theme_heading small wp-block-heading\">Supported Hypervisor<\/h2>\n\n\n\n<ul class=\"list_dot_small wp-block-list\"><li>Microsoft Hyper-V\uff1aWindows Server 2012 R2 or later<\/li><li>VMware vSphere ESXi\uff1aversion 6.5 \/ 6.7 \/ 7.0 \/ 8.0\uff08The free license version of ESXi host is not supported\uff09<\/li><li>Oracle VirtualBox\uff1aversion 5 \/ 6 \/ 7<\/li><\/ul>\n<\/div>\n\n\n\n<div class=\"wp-block-column is-layout-flow wp-block-column-is-layout-flow\">\n<p><\/p>\n<\/div>\n<\/div>\n\n\r\n\r\n<\/div>\r\n<\/div>\n\n\n\n<p><\/p>\n","protected":false},"excerpt":{"rendered":"","protected":false},"author":1,"featured_media":0,"parent":141,"menu_order":0,"comment_status":"closed","ping_status":"closed","template":"template-tab.php","meta":{"advgb_blocks_editor_width":"","advgb_blocks_columns_visual_guide":"","nj_multilang_slug":"hyperboot","nj_multilang_old_url":[],"footnotes":""},"class_list":["post-153","page","type-page","status-publish","hentry"],"yoast_head":"<!-- This site is optimized with the Yoast SEO plugin v27.1.1 - https:\/\/yoast.com\/product\/yoast-seo-wordpress\/ -->\n<title>HyperBoot - Actiphy Backup &amp; DR | DACH<\/title>\n<meta name=\"robots\" content=\"index, follow, max-snippet:-1, max-image-preview:large, max-video-preview:-1\" \/>\n<link rel=\"canonical\" href=\"https:\/\/www.actiphy.com\/de-de\/produkte\/hyperboot\/\" \/>\n<meta property=\"og:locale\" content=\"de_DE\" \/>\n<meta property=\"og:type\" content=\"article\" \/>\n<meta property=\"og:title\" content=\"HyperBoot - Actiphy Backup &amp; DR | DACH\" \/>\n<meta property=\"og:url\" content=\"https:\/\/www.actiphy.com\/de-de\/produkte\/hyperboot\/\" \/>\n<meta property=\"og:site_name\" content=\"Actiphy Backup &amp; DR | DACH\" \/>\n<meta property=\"article:modified_time\" content=\"2025-10-31T07:09:04+00:00\" \/>\n<meta property=\"og:image\" content=\"https:\/\/www.actiphy.com\/de-de\/wp-content\/uploads\/sites\/7\/2026\/03\/ogp_image_h.jpg\" \/>\n\t<meta property=\"og:image:width\" content=\"1200\" \/>\n\t<meta property=\"og:image:height\" content=\"630\" \/>\n\t<meta property=\"og:image:type\" content=\"image\/jpeg\" \/>\n<meta name=\"twitter:card\" content=\"summary_large_image\" \/>\n<meta name=\"twitter:label1\" content=\"Gesch\u00e4tzte Lesezeit\" \/>\n\t<meta name=\"twitter:data1\" content=\"2\u00a0Minuten\" \/>\n<script type=\"application\/ld+json\" class=\"yoast-schema-graph\">{\"@context\":\"https:\/\/schema.org\",\"@graph\":[{\"@type\":\"WebPage\",\"@id\":\"https:\/\/www.actiphy.com\/de-de\/produkte\/hyperboot\/\",\"url\":\"https:\/\/www.actiphy.com\/de-de\/produkte\/hyperboot\/\",\"name\":\"HyperBoot - Actiphy Backup &amp; DR | DACH\",\"isPartOf\":{\"@id\":\"https:\/\/www.actiphy.com\/de-de\/#website\"},\"datePublished\":\"2020-05-27T06:55:13+00:00\",\"dateModified\":\"2025-10-31T07:09:04+00:00\",\"breadcrumb\":{\"@id\":\"https:\/\/www.actiphy.com\/de-de\/produkte\/hyperboot\/#breadcrumb\"},\"inLanguage\":\"de\",\"potentialAction\":[{\"@type\":\"ReadAction\",\"target\":[\"https:\/\/www.actiphy.com\/de-de\/produkte\/hyperboot\/\"]}]},{\"@type\":\"BreadcrumbList\",\"@id\":\"https:\/\/www.actiphy.com\/de-de\/produkte\/hyperboot\/#breadcrumb\",\"itemListElement\":[{\"@type\":\"ListItem\",\"position\":1,\"name\":\"Home\",\"item\":\"https:\/\/www.actiphy.com\/de-de\/\"},{\"@type\":\"ListItem\",\"position\":2,\"name\":\"Produkte\",\"item\":\"https:\/\/www.actiphy.com\/de-de\/produkte\/\"},{\"@type\":\"ListItem\",\"position\":3,\"name\":\"HyperBoot\"}]},{\"@type\":\"WebSite\",\"@id\":\"https:\/\/www.actiphy.com\/de-de\/#website\",\"url\":\"https:\/\/www.actiphy.com\/de-de\/\",\"name\":\"Actiphy Backup &amp; DR | DACH\",\"description\":\"Sind auch Sie DisasterReady und stellen Sie physische und virtuelle Maschinen in 5 Minuten wieder her\",\"potentialAction\":[{\"@type\":\"SearchAction\",\"target\":{\"@type\":\"EntryPoint\",\"urlTemplate\":\"https:\/\/www.actiphy.com\/de-de\/?s={search_term_string}\"},\"query-input\":{\"@type\":\"PropertyValueSpecification\",\"valueRequired\":true,\"valueName\":\"search_term_string\"}}],\"inLanguage\":\"de\"}]}<\/script>\n<!-- \/ Yoast SEO plugin. -->","yoast_head_json":{"title":"HyperBoot - Actiphy Backup &amp; DR | DACH","robots":{"index":"index","follow":"follow","max-snippet":"max-snippet:-1","max-image-preview":"max-image-preview:large","max-video-preview":"max-video-preview:-1"},"canonical":"https:\/\/www.actiphy.com\/de-de\/produkte\/hyperboot\/","og_locale":"de_DE","og_type":"article","og_title":"HyperBoot - Actiphy Backup &amp; DR | DACH","og_url":"https:\/\/www.actiphy.com\/de-de\/produkte\/hyperboot\/","og_site_name":"Actiphy Backup &amp; DR | DACH","article_modified_time":"2025-10-31T07:09:04+00:00","og_image":[{"width":1200,"height":630,"url":"https:\/\/www.actiphy.com\/de-de\/wp-content\/uploads\/sites\/7\/2026\/03\/ogp_image_h.jpg","type":"image\/jpeg"}],"twitter_card":"summary_large_image","twitter_misc":{"Gesch\u00e4tzte Lesezeit":"2\u00a0Minuten"},"schema":{"@context":"https:\/\/schema.org","@graph":[{"@type":"WebPage","@id":"https:\/\/www.actiphy.com\/de-de\/produkte\/hyperboot\/","url":"https:\/\/www.actiphy.com\/de-de\/produkte\/hyperboot\/","name":"HyperBoot - Actiphy Backup &amp; DR | DACH","isPartOf":{"@id":"https:\/\/www.actiphy.com\/de-de\/#website"},"datePublished":"2020-05-27T06:55:13+00:00","dateModified":"2025-10-31T07:09:04+00:00","breadcrumb":{"@id":"https:\/\/www.actiphy.com\/de-de\/produkte\/hyperboot\/#breadcrumb"},"inLanguage":"de","potentialAction":[{"@type":"ReadAction","target":["https:\/\/www.actiphy.com\/de-de\/produkte\/hyperboot\/"]}]},{"@type":"BreadcrumbList","@id":"https:\/\/www.actiphy.com\/de-de\/produkte\/hyperboot\/#breadcrumb","itemListElement":[{"@type":"ListItem","position":1,"name":"Home","item":"https:\/\/www.actiphy.com\/de-de\/"},{"@type":"ListItem","position":2,"name":"Produkte","item":"https:\/\/www.actiphy.com\/de-de\/produkte\/"},{"@type":"ListItem","position":3,"name":"HyperBoot"}]},{"@type":"WebSite","@id":"https:\/\/www.actiphy.com\/de-de\/#website","url":"https:\/\/www.actiphy.com\/de-de\/","name":"Actiphy Backup &amp; DR | DACH","description":"Sind auch Sie DisasterReady und stellen Sie physische und virtuelle Maschinen in 5 Minuten wieder her","potentialAction":[{"@type":"SearchAction","target":{"@type":"EntryPoint","urlTemplate":"https:\/\/www.actiphy.com\/de-de\/?s={search_term_string}"},"query-input":{"@type":"PropertyValueSpecification","valueRequired":true,"valueName":"search_term_string"}}],"inLanguage":"de"}]}},"coauthors":[],"author_meta":{"author_link":"https:\/\/www.actiphy.com\/de-de\/author\/siteadmin\/","display_name":"siteadmin"},"relative_dates":{"created":"Posted 6\u00a0Jahren ago","modified":"Updated 5\u00a0Monaten ago"},"absolute_dates":{"created":"Posted on 27\/05\/2020","modified":"Updated on 31\/10\/2025"},"absolute_dates_time":{"created":"Posted on 27\/05\/2020 06:55","modified":"Updated on 31\/10\/2025 08:09"},"featured_img_caption":"","featured_img":false,"series_order":"","_links":{"self":[{"href":"https:\/\/www.actiphy.com\/de-de\/wp-json\/wp\/v2\/pages\/153","targetHints":{"allow":["GET"]}}],"collection":[{"href":"https:\/\/www.actiphy.com\/de-de\/wp-json\/wp\/v2\/pages"}],"about":[{"href":"https:\/\/www.actiphy.com\/de-de\/wp-json\/wp\/v2\/types\/page"}],"author":[{"embeddable":true,"href":"https:\/\/www.actiphy.com\/de-de\/wp-json\/wp\/v2\/users\/1"}],"replies":[{"embeddable":true,"href":"https:\/\/www.actiphy.com\/de-de\/wp-json\/wp\/v2\/comments?post=153"}],"version-history":[{"count":11,"href":"https:\/\/www.actiphy.com\/de-de\/wp-json\/wp\/v2\/pages\/153\/revisions"}],"predecessor-version":[{"id":1818,"href":"https:\/\/www.actiphy.com\/de-de\/wp-json\/wp\/v2\/pages\/153\/revisions\/1818"}],"up":[{"embeddable":true,"href":"https:\/\/www.actiphy.com\/de-de\/wp-json\/wp\/v2\/pages\/141"}],"wp:attachment":[{"href":"https:\/\/www.actiphy.com\/de-de\/wp-json\/wp\/v2\/media?parent=153"}],"curies":[{"name":"wp","href":"https:\/\/api.w.org\/{rel}","templated":true}]}}